{"id":6011,"date":"2026-01-07T10:39:33","date_gmt":"2026-01-07T10:39:33","guid":{"rendered":"https:\/\/dispo-229.com\/?post_type=product&#038;p=6011"},"modified":"2026-01-14T16:24:16","modified_gmt":"2026-01-14T16:24:16","slug":"sac-a-dos-fashion-moderne","status":"publish","type":"product","link":"https:\/\/dispo-229.com\/fr\/produit\/sac-a-dos-fashion-moderne\/","title":{"rendered":"Sac \u00e0 Dos Fashion Moderne"},"content":{"rendered":"<p>Sac \u00e0 Dos Fashion Moderne \u2013 Super Deal, Id\u00e9al Voyage, Travail et Quotidien<\/p>\n<p>&nbsp;<\/p>\n<p>&nbsp;<\/p>\n<h2 style=\"text-align: center;\">Sac \u00e0 Dos Fashion Moderne \u2013 Super Deal, Id\u00e9al Voyage, Travail et Quotidien<\/h2>\n<p>&nbsp;<\/p>\n<p>Sac de poitrine antivol en nylon avec port USB \u2013 Id\u00e9al pour hommes d\u2019affaires, voyageurs et travailleurs de march\u00e9.<\/p>\n<p style=\"text-align: center;\" data-start=\"216\" data-end=\"458\">Ce <strong data-start=\"219\" data-end=\"255\">sac de poitrine antivol en nylon<\/strong> est con\u00e7u pour r\u00e9pondre aux besoins des <strong data-start=\"296\" data-end=\"317\">hommes d\u2019affaires<\/strong>, des <strong data-start=\"323\" data-end=\"336\">voyageurs<\/strong> et de toute personne travaillant dans des environnements dynamiques comme les <strong data-start=\"415\" data-end=\"426\">march\u00e9s<\/strong> ou les d\u00e9placements quotidiens.<\/p>\n<p data-start=\"216\" data-end=\"458\">\n<p data-start=\"216\" data-end=\"458\"><img fetchpriority=\"high\" decoding=\"async\" class=\"wp-image-6403 aligncenter\" src=\"https:\/\/dispo-229.com\/wp-content\/uploads\/2026\/01\/Fashion-Sac-au-Dos2-300x300.avif\" alt=\"\" width=\"374\" height=\"374\" srcset=\"https:\/\/dispo-229.com\/wp-content\/uploads\/2026\/01\/Fashion-Sac-au-Dos2-300x300.avif 300w, https:\/\/dispo-229.com\/wp-content\/uploads\/2026\/01\/Fashion-Sac-au-Dos2-150x150.avif 150w, https:\/\/dispo-229.com\/wp-content\/uploads\/2026\/01\/Fashion-Sac-au-Dos2-768x768.avif 768w, https:\/\/dispo-229.com\/wp-content\/uploads\/2026\/01\/Fashion-Sac-au-Dos2-12x12.avif 12w, https:\/\/dispo-229.com\/wp-content\/uploads\/2026\/01\/Fashion-Sac-au-Dos2-600x600.avif 600w, https:\/\/dispo-229.com\/wp-content\/uploads\/2026\/01\/Fashion-Sac-au-Dos2-100x100.avif 100w, https:\/\/dispo-229.com\/wp-content\/uploads\/2026\/01\/Fashion-Sac-au-Dos2.avif 800w\" sizes=\"(max-width: 374px) 100vw, 374px\" \/><\/p>\n<p style=\"text-align: center;\" data-start=\"216\" data-end=\"458\">\n<p data-start=\"460\" data-end=\"722\">\n<p style=\"text-align: center;\" data-start=\"460\" data-end=\"722\">Fabriqu\u00e9 en <strong data-start=\"472\" data-end=\"506\">nylon r\u00e9sistant et imperm\u00e9able<\/strong>, il offre une excellente durabilit\u00e9 face \u00e0 l\u2019usure, \u00e0 la poussi\u00e8re et aux intemp\u00e9ries. Son <strong data-start=\"598\" data-end=\"625\">syst\u00e8me antivol discret<\/strong> prot\u00e8ge efficacement vos objets de valeur tels que t\u00e9l\u00e9phone, portefeuille, documents ou argent.<\/p>\n<p style=\"text-align: center;\" data-start=\"724\" data-end=\"1050\">Gr\u00e2ce \u00e0 son <strong data-start=\"736\" data-end=\"756\">port USB int\u00e9gr\u00e9<\/strong>, ce sac permet de recharger facilement votre t\u00e9l\u00e9phone ou vos appareils \u00e9lectroniques lors de vos d\u00e9placements (power bank non incluse). Son <strong data-start=\"898\" data-end=\"931\">design ergonomique et compact<\/strong> assure un port confortable sur la poitrine ou \u00e0 l\u2019\u00e9paule, tout en gardant les mains libres pour travailler ou voyager.<\/p>\n<p data-start=\"724\" data-end=\"1050\">\n<p data-start=\"724\" data-end=\"1050\"><img decoding=\"async\" class=\"wp-image-6401 aligncenter\" src=\"https:\/\/dispo-229.com\/wp-content\/uploads\/2026\/01\/Fashion-Sac-au-Dos-4-300x300.avif\" alt=\"\" width=\"341\" height=\"341\" srcset=\"https:\/\/dispo-229.com\/wp-content\/uploads\/2026\/01\/Fashion-Sac-au-Dos-4-300x300.avif 300w, https:\/\/dispo-229.com\/wp-content\/uploads\/2026\/01\/Fashion-Sac-au-Dos-4-150x150.avif 150w, https:\/\/dispo-229.com\/wp-content\/uploads\/2026\/01\/Fashion-Sac-au-Dos-4-768x768.avif 768w, https:\/\/dispo-229.com\/wp-content\/uploads\/2026\/01\/Fashion-Sac-au-Dos-4-12x12.avif 12w, https:\/\/dispo-229.com\/wp-content\/uploads\/2026\/01\/Fashion-Sac-au-Dos-4-600x600.avif 600w, https:\/\/dispo-229.com\/wp-content\/uploads\/2026\/01\/Fashion-Sac-au-Dos-4-100x100.avif 100w, https:\/\/dispo-229.com\/wp-content\/uploads\/2026\/01\/Fashion-Sac-au-Dos-4.avif 800w\" sizes=\"(max-width: 341px) 100vw, 341px\" \/><\/p>\n<p data-start=\"724\" data-end=\"1050\">\n<p style=\"text-align: center;\" data-start=\"724\" data-end=\"1050\">\n<p style=\"text-align: center;\" data-start=\"1052\" data-end=\"1279\">Les <strong data-start=\"1056\" data-end=\"1096\">multiples compartiments intelligents<\/strong> facilitent l\u2019organisation de vos effets personnels et garantissent un acc\u00e8s rapide et s\u00e9curis\u00e9. L\u00e9ger et \u00e9l\u00e9gant, ce sac s\u2019adapte aussi bien \u00e0 un style professionnel que d\u00e9contract\u00e9.<\/p>","protected":false},"excerpt":{"rendered":"<p>Sac \u00e0 Dos Fashion Moderne \u2013 Super Deal, Id\u00e9al Voyage, Travail et Quotidien &nbsp; &nbsp; Sac \u00e0 Dos Fashion Moderne \u2013 Super Deal, Id\u00e9al Voyage, Travail et Quotidien &nbsp; Sac de poitrine antivol en nylon avec port USB \u2013 Id\u00e9al pour hommes d\u2019affaires, voyageurs et travailleurs de march\u00e9. Ce sac de poitrine antivol en nylon est con\u00e7u pour r\u00e9pondre aux<\/p>","protected":false},"featured_media":6399,"comment_status":"open","ping_status":"closed","template":"","meta":[],"product_brand":[],"product_cat":[15],"product_tag":[],"class_list":{"0":"post-6011","1":"product","2":"type-product","3":"status-publish","4":"has-post-thumbnail","6":"product_cat-uncategorized","8":"first","9":"instock","10":"sale","11":"shipping-taxable","12":"purchasable","13":"product-type-simple"},"_links":{"self":[{"href":"https:\/\/dispo-229.com\/fr\/wp-json\/wp\/v2\/product\/6011","targetHints":{"allow":["GET"]}}],"collection":[{"href":"https:\/\/dispo-229.com\/fr\/wp-json\/wp\/v2\/product"}],"about":[{"href":"https:\/\/dispo-229.com\/fr\/wp-json\/wp\/v2\/types\/product"}],"replies":[{"embeddable":true,"href":"https:\/\/dispo-229.com\/fr\/wp-json\/wp\/v2\/comments?post=6011"}],"version-history":[{"count":3,"href":"https:\/\/dispo-229.com\/fr\/wp-json\/wp\/v2\/product\/6011\/revisions"}],"predecessor-version":[{"id":6407,"href":"https:\/\/dispo-229.com\/fr\/wp-json\/wp\/v2\/product\/6011\/revisions\/6407"}],"wp:featuredmedia":[{"embeddable":true,"href":"https:\/\/dispo-229.com\/fr\/wp-json\/wp\/v2\/media\/6399"}],"wp:attachment":[{"href":"https:\/\/dispo-229.com\/fr\/wp-json\/wp\/v2\/media?parent=6011"}],"wp:term":[{"taxonomy":"product_brand","embeddable":true,"href":"https:\/\/dispo-229.com\/fr\/wp-json\/wp\/v2\/product_brand?post=6011"},{"taxonomy":"product_cat","embeddable":true,"href":"https:\/\/dispo-229.com\/fr\/wp-json\/wp\/v2\/product_cat?post=6011"},{"taxonomy":"product_tag","embeddable":true,"href":"https:\/\/dispo-229.com\/fr\/wp-json\/wp\/v2\/product_tag?post=6011"}],"curies":[{"name":"wp","href":"https:\/\/api.w.org\/{rel}","templated":true}]}}