{"id":5992,"date":"2026-01-07T10:23:40","date_gmt":"2026-01-07T10:23:40","guid":{"rendered":"https:\/\/dispo-229.com\/?post_type=product&#038;p=5992"},"modified":"2026-01-13T06:36:41","modified_gmt":"2026-01-13T06:36:41","slug":"nettoyeur-doreilles-led-rechargeable","status":"publish","type":"product","link":"https:\/\/dispo-229.com\/fr\/produit\/nettoyeur-doreilles-led-rechargeable\/","title":{"rendered":"Nettoyeur d\u2019Oreilles LED Rechargeable"},"content":{"rendered":"<p>Nettoyeur d\u2019Oreilles LED Rechargeable ; Appareil \u00c9lectrique d\u2019\u00c9limination du C\u00e9rumen<\/p>\n<h2 style=\"text-align: center;\">Nettoyeur d\u2019Oreilles LED Rechargeable ; Appareil \u00c9lectrique d\u2019\u00c9limination du C\u00e9rumen<\/h2>\n<ul>\n<li>\n<h3>Nettoyeur d&#8217;oreilles \u00e9lectrique rechargeable avec lumi\u00e8re, outil d&#8217;\u00e9limination du c\u00e9rumen \u00e9clair\u00e9 avec embout en forme de cuill\u00e8re.<\/h3>\n<\/li>\n<li>\n<h3>Nettoyeur d&#8217;oreilles \u00e9lectrique haute performance con\u00e7u pour un nettoyage en profondeur et s\u00e9curis\u00e9.<\/h3>\n<\/li>\n<li>\n<h3>\u00a0\u00c9quip\u00e9 d&#8217;une lumi\u00e8re LED int\u00e9gr\u00e9e offrant une visibilit\u00e9 optimale du conduit auditif, cet appareil facilite l&#8217;\u00e9limination efficace du c\u00e9rumen.<\/h3>\n<\/li>\n<li>\n<h3>L&#8217;embout ergonomique en forme de cuill\u00e8re s&#8217;adapte confortablement \u00e0 l&#8217;anatomie de l&#8217;oreille, minimisant les risques d&#8217;irritation.<\/h3>\n<\/li>\n<li>\n<h3>Batterie rechargeable pour une utilisation prolong\u00e9e et \u00e9cologique.<\/h3>\n<\/li>\n<li>\n<h3>Id\u00e9al pour l&#8217;hygi\u00e8ne auriculaire quotidienne, cet outil combine technologie et praticit\u00e9 pour des r\u00e9sultats professionnels \u00e0 domicile.<\/h3>\n<\/li>\n<\/ul>\n<div id=\"mttContainer\" class=\"notranslate\" style=\"transform: translate(625px, 401px);\" aria-expanded=\"true\">\n<div id=\"tippy-1\" style=\"z-index: 100000200; visibility: visible; position: absolute; inset: auto auto 0px 0px; margin: 0px; transform: translate(399px, -20px);\" data-tippy-root=\"\">\n<div class=\"tippy-box\" style=\"max-width: 350px; transition-duration: 300ms;\" tabindex=\"-1\" role=\"mtttooltip\" data-state=\"visible\" data-theme=\"custom\" data-animation=\"fade\" data-placement=\"top\">\n<div class=\"tippy-content\" style=\"transition-duration: 300ms;\" data-state=\"visible\"><span dir=\"ltr\">The ergonomic, spoon-shaped tip adapts comfortably to the anatomy of the ear, minimizing the risk of irritation.<\/span><\/div>\n<div class=\"tippy-arrow\" style=\"position: absolute; left: 0px; transform: translate(92px, 0px);\"><\/div>\n<\/div>\n<\/div>\n<\/div>","protected":false},"excerpt":{"rendered":"<p>Nettoyeur d\u2019Oreilles LED Rechargeable ; Appareil \u00c9lectrique d\u2019\u00c9limination du C\u00e9rumen Nettoyeur d\u2019Oreilles LED Rechargeable ; Appareil \u00c9lectrique d\u2019\u00c9limination du C\u00e9rumen Nettoyeur d&#8217;oreilles \u00e9lectrique rechargeable avec lumi\u00e8re, outil d&#8217;\u00e9limination du c\u00e9rumen \u00e9clair\u00e9 avec embout en forme de cuill\u00e8re. Nettoyeur d&#8217;oreilles \u00e9lectrique haute performance con\u00e7u pour un nettoyage en profondeur et s\u00e9curis\u00e9. \u00a0\u00c9quip\u00e9 d&#8217;une lumi\u00e8re LED int\u00e9gr\u00e9e offrant une visibilit\u00e9 optimale du<\/p>","protected":false},"featured_media":5999,"comment_status":"open","ping_status":"closed","template":"","meta":[],"product_brand":[],"product_cat":[15],"product_tag":[],"class_list":{"0":"post-5992","1":"product","2":"type-product","3":"status-publish","4":"has-post-thumbnail","6":"product_cat-uncategorized","8":"first","9":"instock","10":"sale","11":"shipping-taxable","12":"purchasable","13":"product-type-simple"},"_links":{"self":[{"href":"https:\/\/dispo-229.com\/fr\/wp-json\/wp\/v2\/product\/5992","targetHints":{"allow":["GET"]}}],"collection":[{"href":"https:\/\/dispo-229.com\/fr\/wp-json\/wp\/v2\/product"}],"about":[{"href":"https:\/\/dispo-229.com\/fr\/wp-json\/wp\/v2\/types\/product"}],"replies":[{"embeddable":true,"href":"https:\/\/dispo-229.com\/fr\/wp-json\/wp\/v2\/comments?post=5992"}],"version-history":[{"count":1,"href":"https:\/\/dispo-229.com\/fr\/wp-json\/wp\/v2\/product\/5992\/revisions"}],"predecessor-version":[{"id":6394,"href":"https:\/\/dispo-229.com\/fr\/wp-json\/wp\/v2\/product\/5992\/revisions\/6394"}],"wp:featuredmedia":[{"embeddable":true,"href":"https:\/\/dispo-229.com\/fr\/wp-json\/wp\/v2\/media\/5999"}],"wp:attachment":[{"href":"https:\/\/dispo-229.com\/fr\/wp-json\/wp\/v2\/media?parent=5992"}],"wp:term":[{"taxonomy":"product_brand","embeddable":true,"href":"https:\/\/dispo-229.com\/fr\/wp-json\/wp\/v2\/product_brand?post=5992"},{"taxonomy":"product_cat","embeddable":true,"href":"https:\/\/dispo-229.com\/fr\/wp-json\/wp\/v2\/product_cat?post=5992"},{"taxonomy":"product_tag","embeddable":true,"href":"https:\/\/dispo-229.com\/fr\/wp-json\/wp\/v2\/product_tag?post=5992"}],"curies":[{"name":"wp","href":"https:\/\/api.w.org\/{rel}","templated":true}]}}