{"id":5987,"date":"2026-01-07T10:20:44","date_gmt":"2026-01-07T10:20:44","guid":{"rendered":"https:\/\/dispo-229.com\/?post_type=product&#038;p=5987"},"modified":"2026-01-07T17:12:27","modified_gmt":"2026-01-07T17:12:27","slug":"coupe-ongles-electrique-portable-pour-bebe-et-adultes","status":"publish","type":"product","link":"https:\/\/dispo-229.com\/fr\/produit\/coupe-ongles-electrique-portable-pour-bebe-et-adultes\/","title":{"rendered":"Coupe-Ongles \u00c9lectrique Portable"},"content":{"rendered":"<p>Coupe-Ongles \u00c9lectrique Portable pour B\u00e9b\u00e9 et Adultes , Soin des Ongles S\u00e9curis\u00e9 avec Lime Int\u00e9gr\u00e9e.<\/p>\n<p>&nbsp;<\/p>\n<h2 style=\"text-align: center;\">Coupe-Ongles \u00c9lectrique Portable pour B\u00e9b\u00e9 et Adultes , Soin des Ongles S\u00e9curis\u00e9 avec Lime Int\u00e9gr\u00e9e.<\/h2>\n<ul>\n<li>\n<h3>Coupe-ongles \u00e9lectrique con\u00e7u sp\u00e9cialement pour les nourrissons et les jeunes enfants. en fonction de la sensibilit\u00e9 et de<\/h3>\n<\/li>\n<li>\n<h3>Cet appareil portable offre trois niveaux de vitesse ajustables, permettant une adaptation pr\u00e9cise selon la sensibilit\u00e9 et l&#8217;\u00e9paisseur des ongles de votre enfant.<\/h3>\n<\/li>\n<li>\n<h3>\u00c9quip\u00e9 d&#8217;une lime int\u00e9gr\u00e9e, il assure un finition lisse et s\u00e9curis\u00e9e apr\u00e8s la coupe.<\/h3>\n<\/li>\n<li>\n<h3>Compact et facile \u00e0 manipuler, il garantit une manucure douce et efficace sans risque de blessure.<\/h3>\n<\/li>\n<li>\n<h3>Id\u00e9al pour les parents soucieux de l&#8217;hygi\u00e8ne et du bien-\u00eatre de leur b\u00e9b\u00e9.<\/h3>\n<\/li>\n<\/ul>","protected":false},"excerpt":{"rendered":"<p>Coupe-Ongles \u00c9lectrique Portable pour B\u00e9b\u00e9 et Adultes , Soin des Ongles S\u00e9curis\u00e9 avec Lime Int\u00e9gr\u00e9e. &nbsp; Coupe-Ongles \u00c9lectrique Portable pour B\u00e9b\u00e9 et Adultes , Soin des Ongles S\u00e9curis\u00e9 avec Lime Int\u00e9gr\u00e9e. Coupe-ongles \u00e9lectrique con\u00e7u sp\u00e9cialement pour les nourrissons et les jeunes enfants. en fonction de la sensibilit\u00e9 et de Cet appareil portable offre trois niveaux de vitesse ajustables, permettant une<\/p>","protected":false},"featured_media":5988,"comment_status":"open","ping_status":"closed","template":"","meta":[],"product_brand":[],"product_cat":[15],"product_tag":[],"class_list":{"0":"post-5987","1":"product","2":"type-product","3":"status-publish","4":"has-post-thumbnail","6":"product_cat-uncategorized","8":"first","9":"instock","10":"sale","11":"shipping-taxable","12":"purchasable","13":"product-type-simple"},"_links":{"self":[{"href":"https:\/\/dispo-229.com\/fr\/wp-json\/wp\/v2\/product\/5987","targetHints":{"allow":["GET"]}}],"collection":[{"href":"https:\/\/dispo-229.com\/fr\/wp-json\/wp\/v2\/product"}],"about":[{"href":"https:\/\/dispo-229.com\/fr\/wp-json\/wp\/v2\/types\/product"}],"replies":[{"embeddable":true,"href":"https:\/\/dispo-229.com\/fr\/wp-json\/wp\/v2\/comments?post=5987"}],"version-history":[{"count":2,"href":"https:\/\/dispo-229.com\/fr\/wp-json\/wp\/v2\/product\/5987\/revisions"}],"predecessor-version":[{"id":6304,"href":"https:\/\/dispo-229.com\/fr\/wp-json\/wp\/v2\/product\/5987\/revisions\/6304"}],"wp:featuredmedia":[{"embeddable":true,"href":"https:\/\/dispo-229.com\/fr\/wp-json\/wp\/v2\/media\/5988"}],"wp:attachment":[{"href":"https:\/\/dispo-229.com\/fr\/wp-json\/wp\/v2\/media?parent=5987"}],"wp:term":[{"taxonomy":"product_brand","embeddable":true,"href":"https:\/\/dispo-229.com\/fr\/wp-json\/wp\/v2\/product_brand?post=5987"},{"taxonomy":"product_cat","embeddable":true,"href":"https:\/\/dispo-229.com\/fr\/wp-json\/wp\/v2\/product_cat?post=5987"},{"taxonomy":"product_tag","embeddable":true,"href":"https:\/\/dispo-229.com\/fr\/wp-json\/wp\/v2\/product_tag?post=5987"}],"curies":[{"name":"wp","href":"https:\/\/api.w.org\/{rel}","templated":true}]}}