{"id":5975,"date":"2026-01-07T10:07:56","date_gmt":"2026-01-07T10:07:56","guid":{"rendered":"https:\/\/dispo-229.com\/?post_type=product&#038;p=5975"},"modified":"2026-01-07T10:08:17","modified_gmt":"2026-01-07T10:08:17","slug":"samsung-s25-ultra","status":"publish","type":"product","link":"https:\/\/dispo-229.com\/fr\/produit\/samsung-s25-ultra\/","title":{"rendered":"Samsung S25 Ultra"},"content":{"rendered":"<p><strong>\ud83d\udcf1 Samsung S25 Ultra avec Stylo (S Pen)<\/strong><\/p>\n<p><img fetchpriority=\"high\" decoding=\"async\" src=\"https:\/\/cdn.shopify.com\/s\/files\/1\/0719\/7917\/1979\/files\/WhatsApp_Image_2026-01-07_at_04.47.16.jpg?v=1767757959\" alt=\"\" width=\"360\" height=\"358\" \/><br \/>\nLe S25 Ultra est un smartphone haut de gamme con\u00e7u pour la performance, la productivit\u00e9 et la cr\u00e9ativit\u00e9.<\/p>\n<p><strong>\u2b50 Caract\u00e9ristiques cl\u00e9s<\/strong><br \/>\nAndroid 15<br \/>\nConnexion 5G<br \/>\nM\u00e9moire : 16 GB RAM + 1TB stockage<br \/>\nBatterie : 8000 mAh<br \/>\nCam\u00e9ras : 108 MP + 72 MP<br \/>\nGrand \u00e9cran immersif<br \/>\nStylo S Pen int\u00e9gr\u00e9<\/p>\n<p><img decoding=\"async\" src=\"https:\/\/cdn.shopify.com\/s\/files\/1\/0719\/7917\/1979\/files\/WhatsApp_Image_2026-01-07_at_04.47.17_2.jpg?v=1767757961\" alt=\"\" width=\"371\" height=\"363\" \/><br \/>\n<strong>\u2705 Points forts<\/strong><br \/>\n\ud83d\ude80 Ultra rapide et fluide<br \/>\n\ud83d\udcf8 Photos haute r\u00e9solution<br \/>\n\ud83d\udd0b Autonomie longue dur\u00e9e<br \/>\n\ud83d\udd8a\ufe0f Stylo id\u00e9al pour notes et dessins<br \/>\n\ud83d\udcf6 Navigation 5G ultra-rapide<br \/>\n\ud83d\udce6 Contenu de la bo\u00eete : t\u00e9l\u00e9phone S25 Ultra, stylo S Pen, c\u00e2ble USB-C.<\/p>","protected":false},"excerpt":{"rendered":"<p>\ud83d\udcf1 Samsung S25 Ultra avec Stylo (S Pen) Le S25 Ultra est un smartphone haut de gamme con\u00e7u pour la performance, la productivit\u00e9 et la cr\u00e9ativit\u00e9. \u2b50 Caract\u00e9ristiques cl\u00e9s Android 15 Connexion 5G M\u00e9moire : 16 GB RAM + 1TB stockage Batterie : 8000 mAh Cam\u00e9ras : 108 MP + 72 MP Grand \u00e9cran immersif Stylo S Pen int\u00e9gr\u00e9 \u2705<\/p>","protected":false},"featured_media":5977,"comment_status":"open","ping_status":"closed","template":"","meta":[],"product_brand":[],"product_cat":[15],"product_tag":[],"class_list":{"0":"post-5975","1":"product","2":"type-product","3":"status-publish","4":"has-post-thumbnail","6":"product_cat-uncategorized","8":"first","9":"instock","10":"shipping-taxable","11":"purchasable","12":"product-type-simple"},"_links":{"self":[{"href":"https:\/\/dispo-229.com\/fr\/wp-json\/wp\/v2\/product\/5975","targetHints":{"allow":["GET"]}}],"collection":[{"href":"https:\/\/dispo-229.com\/fr\/wp-json\/wp\/v2\/product"}],"about":[{"href":"https:\/\/dispo-229.com\/fr\/wp-json\/wp\/v2\/types\/product"}],"replies":[{"embeddable":true,"href":"https:\/\/dispo-229.com\/fr\/wp-json\/wp\/v2\/comments?post=5975"}],"version-history":[{"count":0,"href":"https:\/\/dispo-229.com\/fr\/wp-json\/wp\/v2\/product\/5975\/revisions"}],"wp:featuredmedia":[{"embeddable":true,"href":"https:\/\/dispo-229.com\/fr\/wp-json\/wp\/v2\/media\/5977"}],"wp:attachment":[{"href":"https:\/\/dispo-229.com\/fr\/wp-json\/wp\/v2\/media?parent=5975"}],"wp:term":[{"taxonomy":"product_brand","embeddable":true,"href":"https:\/\/dispo-229.com\/fr\/wp-json\/wp\/v2\/product_brand?post=5975"},{"taxonomy":"product_cat","embeddable":true,"href":"https:\/\/dispo-229.com\/fr\/wp-json\/wp\/v2\/product_cat?post=5975"},{"taxonomy":"product_tag","embeddable":true,"href":"https:\/\/dispo-229.com\/fr\/wp-json\/wp\/v2\/product_tag?post=5975"}],"curies":[{"name":"wp","href":"https:\/\/api.w.org\/{rel}","templated":true}]}}