{"id":5727,"date":"2025-12-17T06:20:43","date_gmt":"2025-12-17T06:20:43","guid":{"rendered":"https:\/\/dispo-229.com\/?post_type=product&#038;p=5727"},"modified":"2025-12-17T06:52:19","modified_gmt":"2025-12-17T06:52:19","slug":"airlibre","status":"publish","type":"product","link":"https:\/\/dispo-229.com\/fr\/produit\/airlibre\/","title":{"rendered":"AirLibre"},"content":{"rendered":"<p><img fetchpriority=\"high\" decoding=\"async\" class=\"alignnone size-medium wp-image-5728\" src=\"https:\/\/dispo-229.com\/wp-content\/uploads\/2025\/12\/AirLibre-logo-6-300x300.png\" alt=\"auto draft\" width=\"300\" height=\"300\" srcset=\"https:\/\/dispo-229.com\/wp-content\/uploads\/2025\/12\/AirLibre-logo-6-300x300.png 300w, https:\/\/dispo-229.com\/wp-content\/uploads\/2025\/12\/AirLibre-logo-6-100x100.png 100w, https:\/\/dispo-229.com\/wp-content\/uploads\/2025\/12\/AirLibre-logo-6-150x150.png 150w, https:\/\/dispo-229.com\/wp-content\/uploads\/2025\/12\/AirLibre-logo-6.png 500w\" sizes=\"(max-width: 300px) 100vw, 300px\" \/> <img decoding=\"async\" class=\"alignnone size-medium wp-image-5729\" src=\"https:\/\/dispo-229.com\/wp-content\/uploads\/2025\/12\/AirLibre1-300x300.png\" alt=\"auto draft\" width=\"300\" height=\"300\" srcset=\"https:\/\/dispo-229.com\/wp-content\/uploads\/2025\/12\/AirLibre1-300x300.png 300w, https:\/\/dispo-229.com\/wp-content\/uploads\/2025\/12\/AirLibre1-100x100.png 100w, https:\/\/dispo-229.com\/wp-content\/uploads\/2025\/12\/AirLibre1-150x150.png 150w, https:\/\/dispo-229.com\/wp-content\/uploads\/2025\/12\/AirLibre1.png 500w\" sizes=\"(max-width: 300px) 100vw, 300px\" \/> <img decoding=\"async\" class=\"alignnone size-medium wp-image-5730\" src=\"https:\/\/dispo-229.com\/wp-content\/uploads\/2025\/12\/AirLibre2-300x300.png\" alt=\"auto draft\" width=\"300\" height=\"300\" srcset=\"https:\/\/dispo-229.com\/wp-content\/uploads\/2025\/12\/AirLibre2-300x300.png 300w, https:\/\/dispo-229.com\/wp-content\/uploads\/2025\/12\/AirLibre2-100x100.png 100w, https:\/\/dispo-229.com\/wp-content\/uploads\/2025\/12\/AirLibre2-150x150.png 150w, https:\/\/dispo-229.com\/wp-content\/uploads\/2025\/12\/AirLibre2.png 500w\" sizes=\"(max-width: 300px) 100vw, 300px\" \/> <img loading=\"lazy\" decoding=\"async\" class=\"alignnone size-medium wp-image-5731\" src=\"https:\/\/dispo-229.com\/wp-content\/uploads\/2025\/12\/AirLibre3-300x300.png\" alt=\"auto draft\" width=\"300\" height=\"300\" srcset=\"https:\/\/dispo-229.com\/wp-content\/uploads\/2025\/12\/AirLibre3-300x300.png 300w, https:\/\/dispo-229.com\/wp-content\/uploads\/2025\/12\/AirLibre3-100x100.png 100w, https:\/\/dispo-229.com\/wp-content\/uploads\/2025\/12\/AirLibre3-150x150.png 150w, https:\/\/dispo-229.com\/wp-content\/uploads\/2025\/12\/AirLibre3.png 500w\" sizes=\"(max-width: 300px) 100vw, 300px\" \/> <img loading=\"lazy\" decoding=\"async\" class=\"alignnone size-medium wp-image-5732\" src=\"https:\/\/dispo-229.com\/wp-content\/uploads\/2025\/12\/AirLibre4-300x300.png\" alt=\"auto draft\" width=\"300\" height=\"300\" srcset=\"https:\/\/dispo-229.com\/wp-content\/uploads\/2025\/12\/AirLibre4-300x300.png 300w, https:\/\/dispo-229.com\/wp-content\/uploads\/2025\/12\/AirLibre4-100x100.png 100w, https:\/\/dispo-229.com\/wp-content\/uploads\/2025\/12\/AirLibre4-150x150.png 150w, https:\/\/dispo-229.com\/wp-content\/uploads\/2025\/12\/AirLibre4.png 500w\" sizes=\"(max-width: 300px) 100vw, 300px\" \/> <img loading=\"lazy\" decoding=\"async\" class=\"alignnone size-medium wp-image-5733\" src=\"https:\/\/dispo-229.com\/wp-content\/uploads\/2025\/12\/AirLibre5-300x300.png\" alt=\"auto draft\" width=\"300\" height=\"300\" srcset=\"https:\/\/dispo-229.com\/wp-content\/uploads\/2025\/12\/AirLibre5-300x300.png 300w, https:\/\/dispo-229.com\/wp-content\/uploads\/2025\/12\/AirLibre5-100x100.png 100w, https:\/\/dispo-229.com\/wp-content\/uploads\/2025\/12\/AirLibre5-150x150.png 150w, https:\/\/dispo-229.com\/wp-content\/uploads\/2025\/12\/AirLibre5.png 500w\" sizes=\"(max-width: 300px) 100vw, 300px\" \/> <img loading=\"lazy\" decoding=\"async\" class=\"alignnone size-medium wp-image-5734\" src=\"https:\/\/dispo-229.com\/wp-content\/uploads\/2025\/12\/AirLibre66-300x300.png\" alt=\"auto draft\" width=\"300\" height=\"300\" srcset=\"https:\/\/dispo-229.com\/wp-content\/uploads\/2025\/12\/AirLibre66-300x300.png 300w, https:\/\/dispo-229.com\/wp-content\/uploads\/2025\/12\/AirLibre66-100x100.png 100w, https:\/\/dispo-229.com\/wp-content\/uploads\/2025\/12\/AirLibre66-150x150.png 150w, https:\/\/dispo-229.com\/wp-content\/uploads\/2025\/12\/AirLibre66.png 500w\" sizes=\"(max-width: 300px) 100vw, 300px\" \/><img loading=\"lazy\" decoding=\"async\" class=\"alignnone size-medium wp-image-5735\" src=\"https:\/\/dispo-229.com\/wp-content\/uploads\/2025\/12\/H45675b614b9d4be28fda82d042ebdd211-300x300.jpg\" alt=\"airlibre\" width=\"300\" height=\"300\" srcset=\"https:\/\/dispo-229.com\/wp-content\/uploads\/2025\/12\/H45675b614b9d4be28fda82d042ebdd211-300x300.jpg 300w, https:\/\/dispo-229.com\/wp-content\/uploads\/2025\/12\/H45675b614b9d4be28fda82d042ebdd211-100x100.jpg 100w, https:\/\/dispo-229.com\/wp-content\/uploads\/2025\/12\/H45675b614b9d4be28fda82d042ebdd211-600x600.jpg 600w, https:\/\/dispo-229.com\/wp-content\/uploads\/2025\/12\/H45675b614b9d4be28fda82d042ebdd211-150x150.jpg 150w, https:\/\/dispo-229.com\/wp-content\/uploads\/2025\/12\/H45675b614b9d4be28fda82d042ebdd211-768x768.jpg 768w, https:\/\/dispo-229.com\/wp-content\/uploads\/2025\/12\/H45675b614b9d4be28fda82d042ebdd211.jpg 800w\" sizes=\"(max-width: 300px) 100vw, 300px\" \/> <img loading=\"lazy\" decoding=\"async\" class=\"alignnone size-medium wp-image-5736\" src=\"https:\/\/dispo-229.com\/wp-content\/uploads\/2025\/12\/H45675b614b9d4be28fda82d042ebdd211.jpg_960x960q80-300x300.jpg\" alt=\"airlibre\" width=\"300\" height=\"300\" srcset=\"https:\/\/dispo-229.com\/wp-content\/uploads\/2025\/12\/H45675b614b9d4be28fda82d042ebdd211.jpg_960x960q80-300x300.jpg 300w, https:\/\/dispo-229.com\/wp-content\/uploads\/2025\/12\/H45675b614b9d4be28fda82d042ebdd211.jpg_960x960q80-100x100.jpg 100w, https:\/\/dispo-229.com\/wp-content\/uploads\/2025\/12\/H45675b614b9d4be28fda82d042ebdd211.jpg_960x960q80-600x600.jpg 600w, https:\/\/dispo-229.com\/wp-content\/uploads\/2025\/12\/H45675b614b9d4be28fda82d042ebdd211.jpg_960x960q80-150x150.jpg 150w, https:\/\/dispo-229.com\/wp-content\/uploads\/2025\/12\/H45675b614b9d4be28fda82d042ebdd211.jpg_960x960q80-768x768.jpg 768w, https:\/\/dispo-229.com\/wp-content\/uploads\/2025\/12\/H45675b614b9d4be28fda82d042ebdd211.jpg_960x960q80.jpg 800w\" sizes=\"(max-width: 300px) 100vw, 300px\" \/> <img loading=\"lazy\" decoding=\"async\" class=\"alignnone size-medium wp-image-5737\" src=\"https:\/\/dispo-229.com\/wp-content\/uploads\/2025\/12\/Ha5438c55f87b416a90da04793b62e3bfw-300x300.jpg\" alt=\"airlibre\" width=\"300\" height=\"300\" srcset=\"https:\/\/dispo-229.com\/wp-content\/uploads\/2025\/12\/Ha5438c55f87b416a90da04793b62e3bfw-300x300.jpg 300w, https:\/\/dispo-229.com\/wp-content\/uploads\/2025\/12\/Ha5438c55f87b416a90da04793b62e3bfw-100x100.jpg 100w, https:\/\/dispo-229.com\/wp-content\/uploads\/2025\/12\/Ha5438c55f87b416a90da04793b62e3bfw-600x600.jpg 600w, https:\/\/dispo-229.com\/wp-content\/uploads\/2025\/12\/Ha5438c55f87b416a90da04793b62e3bfw-150x150.jpg 150w, https:\/\/dispo-229.com\/wp-content\/uploads\/2025\/12\/Ha5438c55f87b416a90da04793b62e3bfw-768x768.jpg 768w, https:\/\/dispo-229.com\/wp-content\/uploads\/2025\/12\/Ha5438c55f87b416a90da04793b62e3bfw.jpg 800w\" sizes=\"(max-width: 300px) 100vw, 300px\" \/> <img loading=\"lazy\" decoding=\"async\" class=\"alignnone size-medium wp-image-5738\" src=\"https:\/\/dispo-229.com\/wp-content\/uploads\/2025\/12\/Ha5438c55f87b416a90da04793b62e3bfw.jpg_960x960q80-300x300.jpg\" alt=\"airlibre\" width=\"300\" height=\"300\" srcset=\"https:\/\/dispo-229.com\/wp-content\/uploads\/2025\/12\/Ha5438c55f87b416a90da04793b62e3bfw.jpg_960x960q80-300x300.jpg 300w, https:\/\/dispo-229.com\/wp-content\/uploads\/2025\/12\/Ha5438c55f87b416a90da04793b62e3bfw.jpg_960x960q80-100x100.jpg 100w, https:\/\/dispo-229.com\/wp-content\/uploads\/2025\/12\/Ha5438c55f87b416a90da04793b62e3bfw.jpg_960x960q80-600x600.jpg 600w, https:\/\/dispo-229.com\/wp-content\/uploads\/2025\/12\/Ha5438c55f87b416a90da04793b62e3bfw.jpg_960x960q80-150x150.jpg 150w, https:\/\/dispo-229.com\/wp-content\/uploads\/2025\/12\/Ha5438c55f87b416a90da04793b62e3bfw.jpg_960x960q80-768x768.jpg 768w, https:\/\/dispo-229.com\/wp-content\/uploads\/2025\/12\/Ha5438c55f87b416a90da04793b62e3bfw.jpg_960x960q80.jpg 800w\" sizes=\"(max-width: 300px) 100vw, 300px\" \/> <img loading=\"lazy\" decoding=\"async\" class=\"alignnone size-medium wp-image-5739\" src=\"https:\/\/dispo-229.com\/wp-content\/uploads\/2025\/12\/Haebfb85fc65d4ea9953cbd5600ff372da1-300x300.jpg\" alt=\"airlibre\" width=\"300\" height=\"300\" srcset=\"https:\/\/dispo-229.com\/wp-content\/uploads\/2025\/12\/Haebfb85fc65d4ea9953cbd5600ff372da1-300x300.jpg 300w, https:\/\/dispo-229.com\/wp-content\/uploads\/2025\/12\/Haebfb85fc65d4ea9953cbd5600ff372da1-100x100.jpg 100w, https:\/\/dispo-229.com\/wp-content\/uploads\/2025\/12\/Haebfb85fc65d4ea9953cbd5600ff372da1-600x600.jpg 600w, https:\/\/dispo-229.com\/wp-content\/uploads\/2025\/12\/Haebfb85fc65d4ea9953cbd5600ff372da1-150x150.jpg 150w, https:\/\/dispo-229.com\/wp-content\/uploads\/2025\/12\/Haebfb85fc65d4ea9953cbd5600ff372da1-768x768.jpg 768w, https:\/\/dispo-229.com\/wp-content\/uploads\/2025\/12\/Haebfb85fc65d4ea9953cbd5600ff372da1.jpg 800w\" sizes=\"(max-width: 300px) 100vw, 300px\" \/> <img loading=\"lazy\" decoding=\"async\" class=\"alignnone size-medium wp-image-5740\" src=\"https:\/\/dispo-229.com\/wp-content\/uploads\/2025\/12\/Haebfb85fc65d4ea9953cbd5600ff372da-300x300.jpg\" alt=\"airlibre\" width=\"300\" height=\"300\" srcset=\"https:\/\/dispo-229.com\/wp-content\/uploads\/2025\/12\/Haebfb85fc65d4ea9953cbd5600ff372da-300x300.jpg 300w, https:\/\/dispo-229.com\/wp-content\/uploads\/2025\/12\/Haebfb85fc65d4ea9953cbd5600ff372da-100x100.jpg 100w, https:\/\/dispo-229.com\/wp-content\/uploads\/2025\/12\/Haebfb85fc65d4ea9953cbd5600ff372da-600x600.jpg 600w, https:\/\/dispo-229.com\/wp-content\/uploads\/2025\/12\/Haebfb85fc65d4ea9953cbd5600ff372da-150x150.jpg 150w, https:\/\/dispo-229.com\/wp-content\/uploads\/2025\/12\/Haebfb85fc65d4ea9953cbd5600ff372da-768x768.jpg 768w, https:\/\/dispo-229.com\/wp-content\/uploads\/2025\/12\/Haebfb85fc65d4ea9953cbd5600ff372da.jpg 800w\" sizes=\"(max-width: 300px) 100vw, 300px\" \/> <img loading=\"lazy\" decoding=\"async\" class=\"alignnone size-medium wp-image-5741\" src=\"https:\/\/dispo-229.com\/wp-content\/uploads\/2025\/12\/Haebfb85fc65d4ea9953cbd5600ff372da.jpg_960x960q80-300x300.jpg\" alt=\"airlibre\" width=\"300\" height=\"300\" srcset=\"https:\/\/dispo-229.com\/wp-content\/uploads\/2025\/12\/Haebfb85fc65d4ea9953cbd5600ff372da.jpg_960x960q80-300x300.jpg 300w, https:\/\/dispo-229.com\/wp-content\/uploads\/2025\/12\/Haebfb85fc65d4ea9953cbd5600ff372da.jpg_960x960q80-100x100.jpg 100w, https:\/\/dispo-229.com\/wp-content\/uploads\/2025\/12\/Haebfb85fc65d4ea9953cbd5600ff372da.jpg_960x960q80-600x600.jpg 600w, https:\/\/dispo-229.com\/wp-content\/uploads\/2025\/12\/Haebfb85fc65d4ea9953cbd5600ff372da.jpg_960x960q80-150x150.jpg 150w, https:\/\/dispo-229.com\/wp-content\/uploads\/2025\/12\/Haebfb85fc65d4ea9953cbd5600ff372da.jpg_960x960q80-768x768.jpg 768w, https:\/\/dispo-229.com\/wp-content\/uploads\/2025\/12\/Haebfb85fc65d4ea9953cbd5600ff372da.jpg_960x960q80.jpg 800w\" sizes=\"(max-width: 300px) 100vw, 300px\" \/> <img loading=\"lazy\" decoding=\"async\" class=\"alignnone size-medium wp-image-5742\" src=\"https:\/\/dispo-229.com\/wp-content\/uploads\/2025\/12\/Hb33c747a873d4ea59a77168fe7af5adcR-300x300.jpg\" alt=\"airlibre\" width=\"300\" height=\"300\" srcset=\"https:\/\/dispo-229.com\/wp-content\/uploads\/2025\/12\/Hb33c747a873d4ea59a77168fe7af5adcR-300x300.jpg 300w, https:\/\/dispo-229.com\/wp-content\/uploads\/2025\/12\/Hb33c747a873d4ea59a77168fe7af5adcR-100x100.jpg 100w, https:\/\/dispo-229.com\/wp-content\/uploads\/2025\/12\/Hb33c747a873d4ea59a77168fe7af5adcR-600x600.jpg 600w, https:\/\/dispo-229.com\/wp-content\/uploads\/2025\/12\/Hb33c747a873d4ea59a77168fe7af5adcR-150x150.jpg 150w, https:\/\/dispo-229.com\/wp-content\/uploads\/2025\/12\/Hb33c747a873d4ea59a77168fe7af5adcR-768x768.jpg 768w, https:\/\/dispo-229.com\/wp-content\/uploads\/2025\/12\/Hb33c747a873d4ea59a77168fe7af5adcR.jpg 800w\" sizes=\"(max-width: 300px) 100vw, 300px\" \/> <img loading=\"lazy\" decoding=\"async\" class=\"alignnone size-medium wp-image-5743\" src=\"https:\/\/dispo-229.com\/wp-content\/uploads\/2025\/12\/Hb33c747a873d4ea59a77168fe7af5adcR.jpg_960x960q80-300x300.jpg\" alt=\"airlibre\" width=\"300\" height=\"300\" srcset=\"https:\/\/dispo-229.com\/wp-content\/uploads\/2025\/12\/Hb33c747a873d4ea59a77168fe7af5adcR.jpg_960x960q80-300x300.jpg 300w, https:\/\/dispo-229.com\/wp-content\/uploads\/2025\/12\/Hb33c747a873d4ea59a77168fe7af5adcR.jpg_960x960q80-100x100.jpg 100w, https:\/\/dispo-229.com\/wp-content\/uploads\/2025\/12\/Hb33c747a873d4ea59a77168fe7af5adcR.jpg_960x960q80-600x600.jpg 600w, https:\/\/dispo-229.com\/wp-content\/uploads\/2025\/12\/Hb33c747a873d4ea59a77168fe7af5adcR.jpg_960x960q80-150x150.jpg 150w, https:\/\/dispo-229.com\/wp-content\/uploads\/2025\/12\/Hb33c747a873d4ea59a77168fe7af5adcR.jpg_960x960q80-768x768.jpg 768w, https:\/\/dispo-229.com\/wp-content\/uploads\/2025\/12\/Hb33c747a873d4ea59a77168fe7af5adcR.jpg_960x960q80.jpg 800w\" sizes=\"(max-width: 300px) 100vw, 300px\" \/> <img loading=\"lazy\" decoding=\"async\" class=\"alignnone size-medium wp-image-5744\" src=\"https:\/\/dispo-229.com\/wp-content\/uploads\/2025\/12\/Hc9ef81e11d4b452da6116b71511a8786o-283x300.jpg\" alt=\"airlibre\" width=\"283\" height=\"300\" srcset=\"https:\/\/dispo-229.com\/wp-content\/uploads\/2025\/12\/Hc9ef81e11d4b452da6116b71511a8786o-283x300.jpg 283w, https:\/\/dispo-229.com\/wp-content\/uploads\/2025\/12\/Hc9ef81e11d4b452da6116b71511a8786o-600x636.jpg 600w, https:\/\/dispo-229.com\/wp-content\/uploads\/2025\/12\/Hc9ef81e11d4b452da6116b71511a8786o-768x815.jpg 768w, https:\/\/dispo-229.com\/wp-content\/uploads\/2025\/12\/Hc9ef81e11d4b452da6116b71511a8786o.jpg 790w\" sizes=\"(max-width: 283px) 100vw, 283px\" \/><\/p>","protected":false},"excerpt":{"rendered":"<p data-start=\"98\" data-end=\"366\"><strong data-start=\"98\" data-end=\"110\">AirLibre<\/strong> est un appareil innovant de luminoth\u00e9rapie rouge con\u00e7u pour apaiser naturellement les inconforts nasaux. Gr\u00e2ce \u00e0 une lumi\u00e8re rouge douce et cibl\u00e9e, il aide \u00e0 r\u00e9duire l\u2019inflammation, calmer les irritations et am\u00e9liorer le confort respiratoire au quotidien.<\/p>\n<p data-start=\"368\" data-end=\"405\">AirLibre peut contribuer \u00e0 soulager :<\/p>\n<ul data-start=\"406\" data-end=\"555\">\n<li data-start=\"406\" data-end=\"418\">\n<p data-start=\"408\" data-end=\"418\">L\u2019asthme<\/p>\n<\/li>\n<li data-start=\"419\" data-end=\"431\">\n<p data-start=\"421\" data-end=\"431\">Le rhume<\/p>\n<\/li>\n<li data-start=\"432\" data-end=\"447\">\n<p data-start=\"434\" data-end=\"447\">La sinusite<\/p>\n<\/li>\n<li data-start=\"448\" data-end=\"462\">\n<p data-start=\"450\" data-end=\"462\">La rhinite<\/p>\n<\/li>\n<li data-start=\"463\" data-end=\"502\">\n<p data-start=\"465\" data-end=\"502\">La congestion et l\u2019\u00e9coulement nasal<\/p>\n<\/li>\n<li data-start=\"503\" data-end=\"527\">\n<p data-start=\"505\" data-end=\"527\">Le nez sec ou irrit\u00e9<\/p>\n<\/li>\n<li data-start=\"528\" data-end=\"555\">\n<p data-start=\"530\" data-end=\"555\">Les allergies au pollen<\/p>\n<\/li>\n<\/ul>\n<p data-start=\"557\" data-end=\"663\">Simple d\u2019utilisation et non invasif, AirLibre favorise une respiration plus libre et un bien-\u00eatre durable.<\/p>\n<p data-start=\"665\" data-end=\"747\"><strong data-start=\"665\" data-end=\"747\">AirLibre \u2014 Respirez mieux. Vivez mieux.<br data-start=\"706\" data-end=\"709\" \/>Un clic suffit pour l\u2019avoir en main.<\/strong><\/p>","protected":false},"featured_media":5741,"comment_status":"open","ping_status":"closed","template":"","meta":[],"product_brand":[],"product_cat":[15],"product_tag":[],"class_list":{"0":"post-5727","1":"product","2":"type-product","3":"status-publish","4":"has-post-thumbnail","6":"product_cat-uncategorized","8":"first","9":"instock","10":"sale","11":"featured","12":"shipping-taxable","13":"purchasable","14":"product-type-simple"},"_links":{"self":[{"href":"https:\/\/dispo-229.com\/fr\/wp-json\/wp\/v2\/product\/5727","targetHints":{"allow":["GET"]}}],"collection":[{"href":"https:\/\/dispo-229.com\/fr\/wp-json\/wp\/v2\/product"}],"about":[{"href":"https:\/\/dispo-229.com\/fr\/wp-json\/wp\/v2\/types\/product"}],"replies":[{"embeddable":true,"href":"https:\/\/dispo-229.com\/fr\/wp-json\/wp\/v2\/comments?post=5727"}],"version-history":[{"count":0,"href":"https:\/\/dispo-229.com\/fr\/wp-json\/wp\/v2\/product\/5727\/revisions"}],"wp:featuredmedia":[{"embeddable":true,"href":"https:\/\/dispo-229.com\/fr\/wp-json\/wp\/v2\/media\/5741"}],"wp:attachment":[{"href":"https:\/\/dispo-229.com\/fr\/wp-json\/wp\/v2\/media?parent=5727"}],"wp:term":[{"taxonomy":"product_brand","embeddable":true,"href":"https:\/\/dispo-229.com\/fr\/wp-json\/wp\/v2\/product_brand?post=5727"},{"taxonomy":"product_cat","embeddable":true,"href":"https:\/\/dispo-229.com\/fr\/wp-json\/wp\/v2\/product_cat?post=5727"},{"taxonomy":"product_tag","embeddable":true,"href":"https:\/\/dispo-229.com\/fr\/wp-json\/wp\/v2\/product_tag?post=5727"}],"curies":[{"name":"wp","href":"https:\/\/api.w.org\/{rel}","templated":true}]}}